
{"id":101,"date":"2020-10-21T12:31:54","date_gmt":"2020-10-21T10:31:54","guid":{"rendered":"https:\/\/przedszkole52.edu.wroclaw.pl\/?page_id=101"},"modified":"2025-10-22T17:07:53","modified_gmt":"2025-10-22T15:07:53","slug":"grupy","status":"publish","type":"page","link":"https:\/\/przedszkole52.edu.wroclaw.pl\/index.php\/grupy\/","title":{"rendered":"Kadra"},"content":{"rendered":"<div class=\"wpb-content-wrapper\"><p>[vc_row][vc_column width=&#8221;1\/3&#8243;][vc_column_text css=&#8221;.vc_custom_1757592852363{background-color: #ffffff !important;background-position: center !important;background-repeat: no-repeat !important;background-size: cover !important;border-radius: 1px !important;}&#8221;]<\/p>\n<h2 style=\"text-align: center\"><\/h2>\n<div style=\"padding: 10px\">\n<h2 style=\"text-align: center\"><img loading=\"lazy\" decoding=\"async\" class=\"wp-image-2910 aligncenter\" src=\"https:\/\/przedszkole52.edu.wroclaw.pl\/wp-content\/uploads\/sites\/49\/2024\/09\/grupa-sloneczka.jpeg\" alt=\"\" width=\"174\" height=\"155\" \/><span style=\"font-size: 16px\"><br \/>\nGrupa II<\/span><\/h2>\n<p style=\"text-align: center\">Martyna Kazieczko<br \/>\nJolanta G\u0105gorowska<\/p>\n<p style=\"text-align: center\">Aneta Kukla pomoc nauczyciela<\/p>\n<p style=\"text-align: center\">tel.71 7986796 wew. 201<\/p>\n<p style=\"text-align: center\"><a href=\"https:\/\/przedszkole52.edu.wroclaw.pl\/wp-content\/uploads\/sites\/49\/2025\/09\/Program-grupy-2.pdf\">Program grupy 2<\/a><\/p>\n<\/div>\n<p>[\/vc_column_text][vc_empty_space][\/vc_column][vc_column width=&#8221;1\/3&#8243;][vc_column_text css=&#8221;.vc_custom_1757592875875{background-color: #ffffff !important;border-radius: 1px !important;}&#8221;]<\/p>\n<div style=\"padding: 10px\">\n<h2 style=\"text-align: center\"><img loading=\"lazy\" decoding=\"async\" class=\"alignnone size-full wp-image-2457\" src=\"https:\/\/przedszkole52.edu.wroclaw.pl\/wp-content\/uploads\/sites\/49\/2023\/12\/jez.jpg\" alt=\"\" width=\"91\" height=\"111\" \/><br \/>\nGrupa III<\/h2>\n<p style=\"text-align: center\">Maria Mierzwiak<br \/>\nTetiana Sorokina<\/p>\n<p>Natalia Gorodczuk(nauczyciel wsp\u00f3\u0142organizuj\u0105cy kszta\u0142cenie specjalne)<\/p>\n<p>Renata Tarnowska pomoc nauczyciela<\/p>\n<div class=\"fancy-box-content\">\n<p style=\"text-align: center\" data-normal-size=\"14\">tel. 71 7986796 wew. 203<\/p>\n<\/div>\n<p style=\"text-align: center\" data-normal-size=\"14\"><a href=\"https:\/\/przedszkole52.edu.wroclaw.pl\/wp-content\/uploads\/sites\/49\/2025\/09\/program-grupy-3.pdf\">program grupy 3<\/a><\/p>\n<\/div>\n<p>[\/vc_column_text][vc_empty_space][\/vc_column][vc_column width=&#8221;1\/3&#8243;][vc_column_text css=&#8221;.vc_custom_1757592899875{background-color: #ffffff !important;border-radius: 1px !important;}&#8221;]<\/p>\n<div style=\"padding: 10px\">\n<h2 style=\"text-align: center\"><img loading=\"lazy\" decoding=\"async\" class=\"alignnone size-full wp-image-2460\" src=\"https:\/\/przedszkole52.edu.wroclaw.pl\/wp-content\/uploads\/sites\/49\/2023\/12\/zabka.jpg\" alt=\"\" width=\"123\" height=\"144\" \/><br \/>\nGrupa IV<\/h2>\n<p style=\"text-align: center\">Ewa Domaga\u0142a<br \/>\nEdyta K\u0119dzierska<\/p>\n<p style=\"text-align: center\">nauczyciel wspomagaj\u0105cy kszta\u0142cenie: wakat<\/p>\n<p style=\"text-align: center\">Dorota Chomacka pomoc nauczyciela<\/p>\n<div class=\"fancy-box-content\">\n<p style=\"text-align: center\" data-normal-size=\"14\">tel. 71 7986796 wew. 204<\/p>\n<\/div>\n<p style=\"text-align: center\" data-normal-size=\"14\"><a href=\"https:\/\/przedszkole52.edu.wroclaw.pl\/wp-content\/uploads\/sites\/49\/2025\/09\/Program-grupy-4.pdf\">Program grupy 4<\/a><\/p>\n<\/div>\n<p>[\/vc_column_text][\/vc_column][\/vc_row][vc_row][vc_column width=&#8221;1\/3&#8243;][vc_column_text css=&#8221;.vc_custom_1757592922907{background-color: #ffffff !important;border-radius: 1px !important;}&#8221;]<\/p>\n<div style=\"padding: 10px\">\n<h2 style=\"text-align: center\"><img loading=\"lazy\" decoding=\"async\" class=\"alignnone size-full wp-image-2458\" src=\"https:\/\/przedszkole52.edu.wroclaw.pl\/wp-content\/uploads\/sites\/49\/2023\/12\/stokrotki-bez-tla.jpg\" alt=\"\" width=\"150\" height=\"91\" \/><br \/>\nGrupa V<\/h2>\n<p style=\"text-align: center\">Ewa Kusza<br \/>\nMagdalena Kotlarz-Michalska<br \/>\nAneta Banasiak<\/p>\n<p style=\"text-align: center\">Mariya Kostrzewa pomoc nauczyciela<\/p>\n<p style=\"text-align: center\">tel. 71 7986796 wew. 205<\/p>\n<\/div>\n<p style=\"text-align: center\"><a href=\"https:\/\/przedszkole52.edu.wroclaw.pl\/wp-content\/uploads\/sites\/49\/2025\/09\/program-grupy-5.pdf\">program grupy 5<\/a><\/p>\n<p>[\/vc_column_text][\/vc_column][vc_column width=&#8221;1\/3&#8243;][vc_column_text]<\/p>\n<p style=\"padding-left: 80px\">\u00a0<img loading=\"lazy\" decoding=\"async\" class=\"size-full wp-image-2465 aligncenter\" src=\"https:\/\/przedszkole52.edu.wroclaw.pl\/wp-content\/uploads\/sites\/49\/2023\/12\/krolowa-i-jej-pszczolki.jpg\" alt=\"\" width=\"168\" height=\"223\" \/><\/p>\n<p style=\"text-align: center\">Dyrektorka Przedszkola:<\/p>\n<p style=\"text-align: center\">Magdalena Kotlarz-Michalska<br \/>\ntel. 71 7986796 wew. 100<\/p>\n<p>[\/vc_column_text][\/vc_column][vc_column width=&#8221;1\/3&#8243;][vc_column_text css=&#8221;.vc_custom_1761145719832{background-color: #ffffff !important;border-radius: 1px !important;}&#8221;]<img loading=\"lazy\" decoding=\"async\" class=\"size-full wp-image-3576 aligncenter\" src=\"https:\/\/przedszkole52.edu.wroclaw.pl\/wp-content\/uploads\/sites\/49\/2025\/09\/mrowki.jpg\" alt=\"\" width=\"183\" height=\"156\" \/><\/p>\n<p style=\"text-align: center\">Specjali\u015bci:<\/p>\n<p style=\"text-align: center\">psycholog: Ilona Makohon<\/p>\n<p style=\"text-align: center\">pedagog specjalny i logopeda grup m\u0142odszych: Karolina Cie\u0144ska<\/p>\n<p style=\"text-align: center\">logopeda grup starszych: Anna Andrzejewska<\/p>\n<p style=\"text-align: center\">religia: Ma\u0142gorzata Wolf<\/p>\n<p style=\"text-align: center\"><a href=\"https:\/\/przedszkole52.edu.wroclaw.pl\/wp-content\/uploads\/sites\/49\/2025\/10\/program-nauczania-Religii.pdf\">program nauczania Religii<\/a><\/p>\n<p>[\/vc_column_text][\/vc_column][\/vc_row][vc_row][vc_column width=&#8221;1\/3&#8243;][\/vc_column][vc_column width=&#8221;1\/3&#8243;][vc_column_text css=&#8221;&#8221;][\/vc_column_text][\/vc_column][vc_column width=&#8221;1\/3&#8243;][\/vc_column][\/vc_row]<\/p>\n<\/div>","protected":false},"excerpt":{"rendered":"<p>[vc_row][vc_column width=&#8221;1\/3&#8243;][vc_column_text css=&#8221;.vc_custom_1757592852363{background-color: #ffffff !important;background-position: center !important;background-repeat: no-repeat !important;background-size: cover !important;border-radius: 1px !important;}&#8221;] Grupa II Martyna Kazieczko Jolanta G\u0105gorowska Aneta Kukla pomoc nauczyciela tel.71 7986796 wew. 201 Program grupy 2 [&hellip;]<\/p>\n","protected":false},"author":15,"featured_media":0,"parent":0,"menu_order":0,"comment_status":"closed","ping_status":"closed","template":"","meta":{"ngg_post_thumbnail":0,"footnotes":""},"class_list":["post-101","page","type-page","status-publish","hentry","clearfix"],"_links":{"self":[{"href":"https:\/\/przedszkole52.edu.wroclaw.pl\/index.php\/wp-json\/wp\/v2\/pages\/101","targetHints":{"allow":["GET"]}}],"collection":[{"href":"https:\/\/przedszkole52.edu.wroclaw.pl\/index.php\/wp-json\/wp\/v2\/pages"}],"about":[{"href":"https:\/\/przedszkole52.edu.wroclaw.pl\/index.php\/wp-json\/wp\/v2\/types\/page"}],"author":[{"embeddable":true,"href":"https:\/\/przedszkole52.edu.wroclaw.pl\/index.php\/wp-json\/wp\/v2\/users\/15"}],"replies":[{"embeddable":true,"href":"https:\/\/przedszkole52.edu.wroclaw.pl\/index.php\/wp-json\/wp\/v2\/comments?post=101"}],"version-history":[{"count":44,"href":"https:\/\/przedszkole52.edu.wroclaw.pl\/index.php\/wp-json\/wp\/v2\/pages\/101\/revisions"}],"predecessor-version":[{"id":3732,"href":"https:\/\/przedszkole52.edu.wroclaw.pl\/index.php\/wp-json\/wp\/v2\/pages\/101\/revisions\/3732"}],"wp:attachment":[{"href":"https:\/\/przedszkole52.edu.wroclaw.pl\/index.php\/wp-json\/wp\/v2\/media?parent=101"}],"curies":[{"name":"wp","href":"https:\/\/api.w.org\/{rel}","templated":true}]}}