
{"id":243,"date":"2021-01-29T14:41:36","date_gmt":"2021-01-29T13:41:36","guid":{"rendered":"https:\/\/przedszkole52.edu.wroclaw.pl\/?page_id=243"},"modified":"2025-10-17T16:42:26","modified_gmt":"2025-10-17T14:42:26","slug":"rodo","status":"publish","type":"page","link":"https:\/\/przedszkole52.edu.wroclaw.pl\/index.php\/rodo\/","title":{"rendered":"RODO"},"content":{"rendered":"<div class=\"wpb-content-wrapper\"><p>[vc_row][vc_column][vc_column_text css=&#8221;&#8221;]<a href=\"https:\/\/przedszkole52.edu.wroclaw.pl\/wp-content\/uploads\/sites\/49\/2022\/03\/Klauzula-interesu-publicznego-wycieczki.pdf\">Klauzula interesu publicznego &#8211; wycieczki<\/a><\/p>\n<p><a href=\"https:\/\/przedszkole52.edu.wroclaw.pl\/wp-content\/uploads\/sites\/49\/2022\/03\/Klauzula-interesu-publicznego-Tablice-informacyjne.pdf\">Klauzula interesu publicznego &#8211; Tablice informacyjne<\/a><\/p>\n<p><a href=\"https:\/\/przedszkole52.edu.wroclaw.pl\/wp-content\/uploads\/sites\/49\/2022\/03\/Klauzula-interesu-publicznego-przeciwdzialanie-chorobom-zakaznym.pdf\">Klauzula interesu publicznego &#8211; przeciwdzia\u0142anie chorobom zaka\u017anym<\/a><\/p>\n<p><a href=\"https:\/\/przedszkole52.edu.wroclaw.pl\/wp-content\/uploads\/sites\/49\/2022\/03\/Klauzula-interesu-publicznego-objasnienie.pdf\">Klauzula interesu publicznego &#8211; obja\u015bnienie<\/a><\/p>\n<p><a href=\"https:\/\/przedszkole52.edu.wroclaw.pl\/wp-content\/uploads\/sites\/49\/2022\/03\/Klauzula-interesu-publicznego-konkursy.pdf\">Klauzula interesu publicznego &#8211; konkursy<\/a><\/p>\n<p><a href=\"https:\/\/przedszkole52.edu.wroclaw.pl\/wp-content\/uploads\/sites\/49\/2022\/03\/Klauzula-interesu-publicznego-gazetka-przedszkolna.pdf\">Klauzula interesu publicznego &#8211; gazetka przedszkolna<\/a><\/p>\n<p><a href=\"https:\/\/przedszkole52.edu.wroclaw.pl\/wp-content\/uploads\/sites\/49\/2025\/10\/Zal.-7x.-Klauzula-dla-osob-upowaznionych-do-odbioru-dziecka-z-przedszkola.pdf\">\u00a0Klauzula &#8211; dla os\u00f3b upowa\u017cnionych do odbioru dziecka z przedszkola<\/a><\/p>\n<p><a href=\"https:\/\/przedszkole52.edu.wroclaw.pl\/wp-content\/uploads\/sites\/49\/2025\/10\/Zal.-7r.-Klauzula-przyjecie-dziecka-w-ramach-dyzuru-wakacyjnego.pdf\">Klauzula &#8211; przyj\u0119cie dziecka w ramach dy\u017curu wakacyjnego<\/a><\/p>\n<p><a href=\"https:\/\/przedszkole52.edu.wroclaw.pl\/wp-content\/uploads\/sites\/49\/2025\/10\/Zal.-7p.-Klauzula-opiekun-wycieczki.pdf\">Klauzula &#8211; opiekun wycieczki<\/a><\/p>\n<p><a href=\"https:\/\/przedszkole52.edu.wroclaw.pl\/wp-content\/uploads\/sites\/49\/2025\/10\/Zal.-7g.-Klauzula-zamowienia-publiczne.pdf\">Klauzula &#8211; zam\u00f3wienia publiczne<\/a><\/p>\n<p><a href=\"https:\/\/przedszkole52.edu.wroclaw.pl\/wp-content\/uploads\/sites\/49\/2025\/10\/Zal.-7f.-Klauzula-umowa.pdf\">Klauzula &#8211; umowa<\/a><\/p>\n<p><a href=\"https:\/\/przedszkole52.edu.wroclaw.pl\/wp-content\/uploads\/sites\/49\/2025\/10\/Zal.-7e.-Klauzula-strona-www.pdf\">Klauzula &#8211; strona www<\/a><\/p>\n<p><a href=\"https:\/\/przedszkole52.edu.wroclaw.pl\/wp-content\/uploads\/sites\/49\/2025\/10\/Zal.-7c.-Klauzula-korespondencja-elektroniczna.pdf\">. Klauzula &#8211; korespondencja elektroniczna<\/a><\/p>\n<p><a href=\"https:\/\/przedszkole52.edu.wroclaw.pl\/wp-content\/uploads\/sites\/49\/2025\/10\/Zal.-7b.-Klauzula-postepowanie-administracyjne.pdf\">\u00a0Klauzula post\u0119powanie administracyjne<\/a><\/p>\n<p><a href=\"https:\/\/przedszkole52.edu.wroclaw.pl\/wp-content\/uploads\/sites\/49\/2025\/10\/Zal.-7.-Klauzula-zlozenie-pisma-w-placowce.pdf\">\u00a0Klauzula &#8211; z\u0142o\u017cenie pisma w plac\u00f3wce<\/a><\/p>\n<p><a href=\"https:\/\/przedszkole52.edu.wroclaw.pl\/wp-content\/uploads\/sites\/49\/2025\/10\/Zal.-7o.-Klauzula-ewidencja-wejsc-i-wyjsc.pdf\">Klauzula &#8211; ewidencja wej\u015b\u0107 i wyj\u015b\u0107<\/a><\/p>\n<p><a href=\"https:\/\/przedszkole52.edu.wroclaw.pl\/wp-content\/uploads\/sites\/49\/2025\/10\/Zal.-7n.-Klauzula-edukacja-dziecka-w-placowce.pdf\">Klauzula Edukacja w przedszkolu<\/a>[\/vc_column_text][\/vc_column][\/vc_row][vc_row][vc_column][vc_column_text css=&#8221;&#8221;]Dane kontaktowe do naszego\u00a0<strong>inspektora ochrony danych <\/strong>to:<\/p>\n<p><a href=\"mailto:inspektor@coreconsulting.pl\">inspektor@coreconsulting.pl<\/a><\/p>\n<p>lub CORE Consulting, ul. Stary Rynek 80\/82, 61-772 Pozna\u0144.[\/vc_column_text][\/vc_column][\/vc_row]<\/p>\n<\/div>","protected":false},"excerpt":{"rendered":"<p>[vc_row][vc_column][vc_column_text css=&#8221;&#8221;]Klauzula interesu publicznego &#8211; wycieczki Klauzula interesu publicznego &#8211; Tablice informacyjne Klauzula interesu publicznego &#8211; przeciwdzia\u0142anie chorobom zaka\u017anym Klauzula interesu publicznego &#8211; obja\u015bnienie Klauzula interesu publicznego &#8211; konkursy Klauzula [&hellip;]<\/p>\n","protected":false},"author":15,"featured_media":0,"parent":0,"menu_order":0,"comment_status":"closed","ping_status":"closed","template":"","meta":{"ngg_post_thumbnail":0,"footnotes":""},"class_list":["post-243","page","type-page","status-publish","hentry","clearfix"],"_links":{"self":[{"href":"https:\/\/przedszkole52.edu.wroclaw.pl\/index.php\/wp-json\/wp\/v2\/pages\/243","targetHints":{"allow":["GET"]}}],"collection":[{"href":"https:\/\/przedszkole52.edu.wroclaw.pl\/index.php\/wp-json\/wp\/v2\/pages"}],"about":[{"href":"https:\/\/przedszkole52.edu.wroclaw.pl\/index.php\/wp-json\/wp\/v2\/types\/page"}],"author":[{"embeddable":true,"href":"https:\/\/przedszkole52.edu.wroclaw.pl\/index.php\/wp-json\/wp\/v2\/users\/15"}],"replies":[{"embeddable":true,"href":"https:\/\/przedszkole52.edu.wroclaw.pl\/index.php\/wp-json\/wp\/v2\/comments?post=243"}],"version-history":[{"count":9,"href":"https:\/\/przedszkole52.edu.wroclaw.pl\/index.php\/wp-json\/wp\/v2\/pages\/243\/revisions"}],"predecessor-version":[{"id":3724,"href":"https:\/\/przedszkole52.edu.wroclaw.pl\/index.php\/wp-json\/wp\/v2\/pages\/243\/revisions\/3724"}],"wp:attachment":[{"href":"https:\/\/przedszkole52.edu.wroclaw.pl\/index.php\/wp-json\/wp\/v2\/media?parent=243"}],"curies":[{"name":"wp","href":"https:\/\/api.w.org\/{rel}","templated":true}]}}