
{"id":360,"date":"2021-02-24T09:01:27","date_gmt":"2021-02-24T08:01:27","guid":{"rendered":"https:\/\/przedszkole52.edu.wroclaw.pl\/?page_id=360"},"modified":"2025-05-15T14:27:30","modified_gmt":"2025-05-15T12:27:30","slug":"gazetka-przedszkola","status":"publish","type":"page","link":"https:\/\/przedszkole52.edu.wroclaw.pl\/index.php\/gazetka-przedszkola\/","title":{"rendered":"Laboratorium Smaku"},"content":{"rendered":"<div class=\"wpb-content-wrapper\"><p>[vc_row][vc_column][vc_column_text css=&#8221;&#8221;]<\/p>\r\n<p>Szanowni Pa\u0144stwo,<\/p>\r\n<p>z wielk\u0105 dum\u0105 i przyjemno\u015bci\u0105 og\u0142aszamy rozpocz\u0119cie nowej przygody z eksperymentowaniem smakami, teksturami i zapachami w naszych i waszych kuchennych laboratoriach!<\/p>\r\n<p>\u017byczymy pasjonuj\u0105cych odkry\u0107, samych przyjemno\u015bci tworzenia i dobrej zabawy.<\/p>\r\n<p>&nbsp;<\/p>\r\n<p>&nbsp;<\/p>\r\n<p>[\/vc_column_text][vc_column_text][\/vc_column_text][\/vc_column][\/vc_row][vc_row][vc_column][vc_basic_grid post_type=&#8221;post&#8221; max_items=&#8221;10&#8243; element_width=&#8221;3&#8243; css=&#8221;&#8221; grid_id=&#8221;vc_gid:1747312035442-80bdb16c-4ac8-8&#8243; taxonomies=&#8221;1&#8243;][\/vc_column][\/vc_row]<\/p>\r\n<\/div>","protected":false},"excerpt":{"rendered":"<p>[vc_row][vc_column][vc_column_text css=&#8221;&#8221;] Szanowni Pa\u0144stwo, z wielk\u0105 dum\u0105 i przyjemno\u015bci\u0105 og\u0142aszamy rozpocz\u0119cie nowej przygody z eksperymentowaniem smakami, teksturami i zapachami w naszych i waszych kuchennych laboratoriach! \u017byczymy pasjonuj\u0105cych odkry\u0107, samych przyjemno\u015bci [&hellip;]<\/p>\n","protected":false},"author":15,"featured_media":0,"parent":0,"menu_order":0,"comment_status":"closed","ping_status":"closed","template":"","meta":{"ngg_post_thumbnail":0,"footnotes":""},"class_list":["post-360","page","type-page","status-publish","hentry","clearfix"],"_links":{"self":[{"href":"https:\/\/przedszkole52.edu.wroclaw.pl\/index.php\/wp-json\/wp\/v2\/pages\/360","targetHints":{"allow":["GET"]}}],"collection":[{"href":"https:\/\/przedszkole52.edu.wroclaw.pl\/index.php\/wp-json\/wp\/v2\/pages"}],"about":[{"href":"https:\/\/przedszkole52.edu.wroclaw.pl\/index.php\/wp-json\/wp\/v2\/types\/page"}],"author":[{"embeddable":true,"href":"https:\/\/przedszkole52.edu.wroclaw.pl\/index.php\/wp-json\/wp\/v2\/users\/15"}],"replies":[{"embeddable":true,"href":"https:\/\/przedszkole52.edu.wroclaw.pl\/index.php\/wp-json\/wp\/v2\/comments?post=360"}],"version-history":[{"count":48,"href":"https:\/\/przedszkole52.edu.wroclaw.pl\/index.php\/wp-json\/wp\/v2\/pages\/360\/revisions"}],"predecessor-version":[{"id":3429,"href":"https:\/\/przedszkole52.edu.wroclaw.pl\/index.php\/wp-json\/wp\/v2\/pages\/360\/revisions\/3429"}],"wp:attachment":[{"href":"https:\/\/przedszkole52.edu.wroclaw.pl\/index.php\/wp-json\/wp\/v2\/media?parent=360"}],"curies":[{"name":"wp","href":"https:\/\/api.w.org\/{rel}","templated":true}]}}